{"id":18,"date":"2019-01-10T16:06:19","date_gmt":"2019-01-10T16:06:19","guid":{"rendered":"http:\/\/ostsee-krause.de\/wordpress\/?page_id=18"},"modified":"2026-01-07T10:56:40","modified_gmt":"2026-01-07T10:56:40","slug":"ueber-mich","status":"publish","type":"page","link":"https:\/\/www.ostsee-krause.de\/index.php\/ueber-mich\/","title":{"rendered":"Unser Haus"},"content":{"rendered":"<p>Das Haus befindet sich in einer Seitenstra\u00dfe in einer ruhigen Wohnlage und ist ca. 7min vom Strand entfernt.<\/p>\n<p>Die Wohnfl\u00e4che des ca. 88 m\u00b2 gro\u00dfen Bungalows verteilt sich auf ein gro\u00dfes Wohnzimmer mit Essbereich, eine gro\u00dfe separate K\u00fcche, drei Schlafzimmer sowie auf einen Flur, ein Badezimmer und ein G\u00e4ste-WC.<\/p>\n<p>Der Wohnbereich ist mit einer gem\u00fctlichen Sitzecke, TV und einem Essplatz versehen &#8211; von hier aus haben Sie Zugang zu einer der beiden Terrassen sowie zum gro\u00dfen eingez\u00e4unten Garten. Gartenm\u00f6bel sind vorhanden.<br \/>Vom Wohn- \/ Esszimmer aus gelangen Sie in die gro\u00dfe K\u00fcche, diese ist u. a. mit Geschirrsp\u00fclmaschine, Mikrowelle, Backofen und vielen weiteren K\u00fcchenger\u00e4ten ausgestattet &#8211; eine Terrassent\u00fcr geleitet Sie auf die zweite Terrasse. Das Badezimmer ist mit Dusche \/ WC und Waschtisch ausgestattet. Zwei der drei Schlafzimmer sind mit einem Doppelbett sowie einem Kleiderschrank\/Kommode versehen. Das dritte Schlafzimmer ist mit einer Doppelschlafcouch und Kleiderschrank ausgestattet, hier gibt es auch noch ein zus\u00e4tzliches Waschbecken. Bettw\u00e4sche ist mietbar, Handt\u00fccher und Geschirrt\u00fccher sind bitte mitzubringen.<\/p>\n\n\n<p>Bitte informieren Sie sich bei uns \u00fcber die aktuellen Preise. Diese richten sich nach der Anzahl der G\u00e4ste und Dauer des Aufenthaltes.<\/p>\n\n\n\n<p><strong>An-\/Abreise:<\/strong><br> Das Haus steht Ihnen am Anreisetag ab 15.00 Uhr zur Verf\u00fcgung.<br> Am Abreisetag bitten wir Sie, das Haus bis 10.00 Uhr zu verlassen.<\/p>\n\n\n\n<figure class=\"wp-block-gallery has-nested-images columns-4 is-cropped wp-block-gallery-1 is-layout-flex wp-block-gallery-is-layout-flex\">\n<figure class=\"wp-block-image size-full\"><img loading=\"lazy\" decoding=\"async\" width=\"1024\" height=\"768\" data-id=\"209\" src=\"https:\/\/www.ostsee-krause.de\/wp-content\/uploads\/2026\/01\/IMG_2880.jpg\" alt=\"\" class=\"wp-image-209\" srcset=\"https:\/\/www.ostsee-krause.de\/wp-content\/uploads\/2026\/01\/IMG_2880.jpg 1024w, https:\/\/www.ostsee-krause.de\/wp-content\/uploads\/2026\/01\/IMG_2880-300x225.jpg 300w, https:\/\/www.ostsee-krause.de\/wp-content\/uploads\/2026\/01\/IMG_2880-768x576.jpg 768w, https:\/\/www.ostsee-krause.de\/wp-content\/uploads\/2026\/01\/IMG_2880-678x509.jpg 678w, https:\/\/www.ostsee-krause.de\/wp-content\/uploads\/2026\/01\/IMG_2880-326x245.jpg 326w, https:\/\/www.ostsee-krause.de\/wp-content\/uploads\/2026\/01\/IMG_2880-80x60.jpg 80w\" sizes=\"auto, (max-width: 1024px) 100vw, 1024px\" \/><figcaption class=\"wp-element-caption\">Ansicht Eingangsbereich<\/figcaption><\/figure>\n\n\n\n<figure class=\"wp-block-image size-full\"><img loading=\"lazy\" decoding=\"async\" width=\"1024\" height=\"768\" data-id=\"214\" src=\"https:\/\/www.ostsee-krause.de\/wp-content\/uploads\/2026\/01\/IMG_2883.jpg\" alt=\"\" class=\"wp-image-214\" srcset=\"https:\/\/www.ostsee-krause.de\/wp-content\/uploads\/2026\/01\/IMG_2883.jpg 1024w, https:\/\/www.ostsee-krause.de\/wp-content\/uploads\/2026\/01\/IMG_2883-300x225.jpg 300w, https:\/\/www.ostsee-krause.de\/wp-content\/uploads\/2026\/01\/IMG_2883-768x576.jpg 768w, https:\/\/www.ostsee-krause.de\/wp-content\/uploads\/2026\/01\/IMG_2883-678x509.jpg 678w, https:\/\/www.ostsee-krause.de\/wp-content\/uploads\/2026\/01\/IMG_2883-326x245.jpg 326w, https:\/\/www.ostsee-krause.de\/wp-content\/uploads\/2026\/01\/IMG_2883-80x60.jpg 80w\" sizes=\"auto, (max-width: 1024px) 100vw, 1024px\" \/><figcaption class=\"wp-element-caption\">Ansicht Garten<\/figcaption><\/figure>\n\n\n\n<figure class=\"wp-block-image size-full\"><img loading=\"lazy\" decoding=\"async\" width=\"1024\" height=\"768\" data-id=\"227\" src=\"https:\/\/www.ostsee-krause.de\/wp-content\/uploads\/2026\/01\/IMG_2961.jpg\" alt=\"\" class=\"wp-image-227\" srcset=\"https:\/\/www.ostsee-krause.de\/wp-content\/uploads\/2026\/01\/IMG_2961.jpg 1024w, https:\/\/www.ostsee-krause.de\/wp-content\/uploads\/2026\/01\/IMG_2961-300x225.jpg 300w, https:\/\/www.ostsee-krause.de\/wp-content\/uploads\/2026\/01\/IMG_2961-768x576.jpg 768w, https:\/\/www.ostsee-krause.de\/wp-content\/uploads\/2026\/01\/IMG_2961-678x509.jpg 678w, https:\/\/www.ostsee-krause.de\/wp-content\/uploads\/2026\/01\/IMG_2961-326x245.jpg 326w, https:\/\/www.ostsee-krause.de\/wp-content\/uploads\/2026\/01\/IMG_2961-80x60.jpg 80w\" sizes=\"auto, (max-width: 1024px) 100vw, 1024px\" \/><figcaption class=\"wp-element-caption\">Wohnzimmer vom Essbereich<\/figcaption><\/figure>\n\n\n\n<figure class=\"wp-block-image size-full\"><img loading=\"lazy\" decoding=\"async\" width=\"1024\" height=\"768\" data-id=\"225\" src=\"https:\/\/www.ostsee-krause.de\/wp-content\/uploads\/2026\/01\/IMG_2959.jpg\" alt=\"\" class=\"wp-image-225\" srcset=\"https:\/\/www.ostsee-krause.de\/wp-content\/uploads\/2026\/01\/IMG_2959.jpg 1024w, https:\/\/www.ostsee-krause.de\/wp-content\/uploads\/2026\/01\/IMG_2959-300x225.jpg 300w, https:\/\/www.ostsee-krause.de\/wp-content\/uploads\/2026\/01\/IMG_2959-768x576.jpg 768w, https:\/\/www.ostsee-krause.de\/wp-content\/uploads\/2026\/01\/IMG_2959-678x509.jpg 678w, https:\/\/www.ostsee-krause.de\/wp-content\/uploads\/2026\/01\/IMG_2959-326x245.jpg 326w, https:\/\/www.ostsee-krause.de\/wp-content\/uploads\/2026\/01\/IMG_2959-80x60.jpg 80w\" sizes=\"auto, (max-width: 1024px) 100vw, 1024px\" \/><figcaption class=\"wp-element-caption\">Wohnzimmer vom TV-Bereich<\/figcaption><\/figure>\n\n\n\n<figure class=\"wp-block-image\"><img loading=\"lazy\" decoding=\"async\" width=\"1024\" height=\"683\" data-id=\"99\" src=\"https:\/\/www.ostsee-krause.de\/wp-content\/uploads\/2019\/01\/18761_3000-1024x683.jpg\" alt=\"\" class=\"wp-image-99\" srcset=\"https:\/\/www.ostsee-krause.de\/wp-content\/uploads\/2019\/01\/18761_3000-1024x683.jpg 1024w, https:\/\/www.ostsee-krause.de\/wp-content\/uploads\/2019\/01\/18761_3000-300x200.jpg 300w, https:\/\/www.ostsee-krause.de\/wp-content\/uploads\/2019\/01\/18761_3000-768x512.jpg 768w\" sizes=\"auto, (max-width: 1024px) 100vw, 1024px\" \/><figcaption class=\"wp-element-caption\">K\u00fcche<\/figcaption><\/figure>\n\n\n\n<figure class=\"wp-block-image\"><img loading=\"lazy\" decoding=\"async\" width=\"1024\" height=\"683\" data-id=\"100\" src=\"https:\/\/www.ostsee-krause.de\/wp-content\/uploads\/2019\/01\/261662_3000-1024x683.jpg\" alt=\"\" class=\"wp-image-100\" srcset=\"https:\/\/www.ostsee-krause.de\/wp-content\/uploads\/2019\/01\/261662_3000-1024x683.jpg 1024w, https:\/\/www.ostsee-krause.de\/wp-content\/uploads\/2019\/01\/261662_3000-300x200.jpg 300w, https:\/\/www.ostsee-krause.de\/wp-content\/uploads\/2019\/01\/261662_3000-768x512.jpg 768w\" sizes=\"auto, (max-width: 1024px) 100vw, 1024px\" \/><figcaption class=\"wp-element-caption\">K\u00fcche hinten<\/figcaption><\/figure>\n\n\n\n<figure class=\"wp-block-image size-full\"><img loading=\"lazy\" decoding=\"async\" width=\"1024\" height=\"768\" data-id=\"217\" src=\"https:\/\/www.ostsee-krause.de\/wp-content\/uploads\/2026\/01\/IMG_2953.jpg\" alt=\"\" class=\"wp-image-217\" srcset=\"https:\/\/www.ostsee-krause.de\/wp-content\/uploads\/2026\/01\/IMG_2953.jpg 1024w, https:\/\/www.ostsee-krause.de\/wp-content\/uploads\/2026\/01\/IMG_2953-300x225.jpg 300w, https:\/\/www.ostsee-krause.de\/wp-content\/uploads\/2026\/01\/IMG_2953-768x576.jpg 768w, https:\/\/www.ostsee-krause.de\/wp-content\/uploads\/2026\/01\/IMG_2953-678x509.jpg 678w, https:\/\/www.ostsee-krause.de\/wp-content\/uploads\/2026\/01\/IMG_2953-326x245.jpg 326w, https:\/\/www.ostsee-krause.de\/wp-content\/uploads\/2026\/01\/IMG_2953-80x60.jpg 80w\" sizes=\"auto, (max-width: 1024px) 100vw, 1024px\" \/><figcaption class=\"wp-element-caption\">gro\u00dfes Schlafzimmer<\/figcaption><\/figure>\n\n\n\n<figure class=\"wp-block-image size-full\"><img loading=\"lazy\" decoding=\"async\" width=\"1024\" height=\"768\" data-id=\"222\" src=\"https:\/\/www.ostsee-krause.de\/wp-content\/uploads\/2026\/01\/IMG_2958.jpg\" alt=\"\" class=\"wp-image-222\" srcset=\"https:\/\/www.ostsee-krause.de\/wp-content\/uploads\/2026\/01\/IMG_2958.jpg 1024w, https:\/\/www.ostsee-krause.de\/wp-content\/uploads\/2026\/01\/IMG_2958-300x225.jpg 300w, https:\/\/www.ostsee-krause.de\/wp-content\/uploads\/2026\/01\/IMG_2958-768x576.jpg 768w, https:\/\/www.ostsee-krause.de\/wp-content\/uploads\/2026\/01\/IMG_2958-678x509.jpg 678w, https:\/\/www.ostsee-krause.de\/wp-content\/uploads\/2026\/01\/IMG_2958-326x245.jpg 326w, https:\/\/www.ostsee-krause.de\/wp-content\/uploads\/2026\/01\/IMG_2958-80x60.jpg 80w\" sizes=\"auto, (max-width: 1024px) 100vw, 1024px\" \/><figcaption class=\"wp-element-caption\">mittleres Schlafzimmer<\/figcaption><\/figure>\n\n\n\n<figure class=\"wp-block-image size-full\"><img loading=\"lazy\" decoding=\"async\" width=\"1024\" height=\"768\" data-id=\"220\" src=\"https:\/\/www.ostsee-krause.de\/wp-content\/uploads\/2026\/01\/IMG_2956.jpg\" alt=\"\" class=\"wp-image-220\" srcset=\"https:\/\/www.ostsee-krause.de\/wp-content\/uploads\/2026\/01\/IMG_2956.jpg 1024w, https:\/\/www.ostsee-krause.de\/wp-content\/uploads\/2026\/01\/IMG_2956-300x225.jpg 300w, https:\/\/www.ostsee-krause.de\/wp-content\/uploads\/2026\/01\/IMG_2956-768x576.jpg 768w, https:\/\/www.ostsee-krause.de\/wp-content\/uploads\/2026\/01\/IMG_2956-678x509.jpg 678w, https:\/\/www.ostsee-krause.de\/wp-content\/uploads\/2026\/01\/IMG_2956-326x245.jpg 326w, https:\/\/www.ostsee-krause.de\/wp-content\/uploads\/2026\/01\/IMG_2956-80x60.jpg 80w\" sizes=\"auto, (max-width: 1024px) 100vw, 1024px\" \/><figcaption class=\"wp-element-caption\">kleines Zimmer<\/figcaption><\/figure>\n\n\n\n<figure class=\"wp-block-image size-full\"><img loading=\"lazy\" decoding=\"async\" width=\"1024\" height=\"768\" data-id=\"219\" src=\"https:\/\/www.ostsee-krause.de\/wp-content\/uploads\/2026\/01\/IMG_2955.jpg\" alt=\"\" class=\"wp-image-219\" srcset=\"https:\/\/www.ostsee-krause.de\/wp-content\/uploads\/2026\/01\/IMG_2955.jpg 1024w, https:\/\/www.ostsee-krause.de\/wp-content\/uploads\/2026\/01\/IMG_2955-300x225.jpg 300w, https:\/\/www.ostsee-krause.de\/wp-content\/uploads\/2026\/01\/IMG_2955-768x576.jpg 768w, https:\/\/www.ostsee-krause.de\/wp-content\/uploads\/2026\/01\/IMG_2955-678x509.jpg 678w, https:\/\/www.ostsee-krause.de\/wp-content\/uploads\/2026\/01\/IMG_2955-326x245.jpg 326w, https:\/\/www.ostsee-krause.de\/wp-content\/uploads\/2026\/01\/IMG_2955-80x60.jpg 80w\" sizes=\"auto, (max-width: 1024px) 100vw, 1024px\" \/><figcaption class=\"wp-element-caption\">kleines Zimmer<\/figcaption><\/figure>\n<\/figure>\n","protected":false},"excerpt":{"rendered":"<div class=\"mh-excerpt\"><p>Das Haus befindet sich in einer Seitenstra\u00dfe in einer ruhigen Wohnlage und ist ca. 7min vom Strand entfernt. Die Wohnfl\u00e4che des ca. 88 m\u00b2 gro\u00dfen <a class=\"mh-excerpt-more\" href=\"https:\/\/www.ostsee-krause.de\/index.php\/ueber-mich\/\" title=\"Unser Haus\">[&#8230;]<\/a><\/p>\n<\/div>","protected":false},"author":1,"featured_media":15,"parent":0,"menu_order":0,"comment_status":"closed","ping_status":"closed","template":"template-full.php","meta":{"footnotes":""},"class_list":["post-18","page","type-page","status-publish","has-post-thumbnail","hentry"],"_links":{"self":[{"href":"https:\/\/www.ostsee-krause.de\/index.php\/wp-json\/wp\/v2\/pages\/18","targetHints":{"allow":["GET"]}}],"collection":[{"href":"https:\/\/www.ostsee-krause.de\/index.php\/wp-json\/wp\/v2\/pages"}],"about":[{"href":"https:\/\/www.ostsee-krause.de\/index.php\/wp-json\/wp\/v2\/types\/page"}],"author":[{"embeddable":true,"href":"https:\/\/www.ostsee-krause.de\/index.php\/wp-json\/wp\/v2\/users\/1"}],"replies":[{"embeddable":true,"href":"https:\/\/www.ostsee-krause.de\/index.php\/wp-json\/wp\/v2\/comments?post=18"}],"version-history":[{"count":24,"href":"https:\/\/www.ostsee-krause.de\/index.php\/wp-json\/wp\/v2\/pages\/18\/revisions"}],"predecessor-version":[{"id":231,"href":"https:\/\/www.ostsee-krause.de\/index.php\/wp-json\/wp\/v2\/pages\/18\/revisions\/231"}],"wp:featuredmedia":[{"embeddable":true,"href":"https:\/\/www.ostsee-krause.de\/index.php\/wp-json\/wp\/v2\/media\/15"}],"wp:attachment":[{"href":"https:\/\/www.ostsee-krause.de\/index.php\/wp-json\/wp\/v2\/media?parent=18"}],"curies":[{"name":"wp","href":"https:\/\/api.w.org\/{rel}","templated":true}]}}