{"id":127,"date":"2019-01-12T16:54:06","date_gmt":"2019-01-12T16:54:06","guid":{"rendered":"http:\/\/ostsee-krause.de\/wordpress\/?page_id=127"},"modified":"2019-01-12T16:59:02","modified_gmt":"2019-01-12T16:59:02","slug":"lage-anfahrt","status":"publish","type":"page","link":"https:\/\/www.ostsee-krause.de\/index.php\/ueber-mich\/lage-anfahrt\/","title":{"rendered":"Lage \/ Anfahrt"},"content":{"rendered":"\n<p>Das Haus befindet sich in einer Seitenstra\u00dfe in einer ruhigen Wohnlage und ist ca. 7min vom Strand entfernt. In unmittelbarer N\u00e4he befindet sich eine Bushaltestelle (M\u00f6wenstra\u00dfe), ein Allgemeinmediziner (ca. 50m) und zahlreiche Einkaufsm\u00f6glichkeiten wie:<\/p>\n\n\n\n<ul class=\"wp-block-list\"><li>Aldi, Edeka, Plus<\/li><li>Sky Lebensmittelmarkt<\/li><li>B\u00e4cker, Schn\u00e4ppchenmarkt ect.<\/li><\/ul>\n\n\n<div id=\"wpgmza_map\" class=\"wpgmza_map\" data-settings='{\"id\":\"1\",\"map_title\":\"Hamburger Str. 25\",\"map_width\":\"100\",\"map_height\":\"500\",\"map_start_lat\":\"54.148697\",\"map_start_lng\":\"10.964024\",\"map_start_location\":\"54.148697332426025,10.964024405030115\",\"map_start_zoom\":\"15\",\"default_marker\":\"0\",\"type\":\"3\",\"alignment\":\"1\",\"directions_enabled\":\"1\",\"styling_enabled\":\"0\",\"styling_json\":\"\",\"active\":\"0\",\"kml\":\"\",\"bicycle\":\"0\",\"traffic\":\"0\",\"dbox\":\"1\",\"dbox_width\":\"100\",\"listmarkers\":\"0\",\"listmarkers_advanced\":\"0\",\"filterbycat\":\"0\",\"ugm_enabled\":\"0\",\"ugm_category_enabled\":\"0\",\"fusion\":\"\",\"map_width_type\":\"\\\\%\",\"map_height_type\":\"px\",\"mass_marker_support\":\"1\",\"ugm_access\":\"0\",\"order_markers_by\":\"1\",\"order_markers_choice\":\"2\",\"show_user_location\":\"0\",\"default_to\":\"\",\"other_settings\":{\"store_locator_enabled\":2,\"store_locator_distance\":2,\"store_locator_default_radius\":\"10\",\"store_locator_not_found_message\":\"No results found in this location. Please try again.\",\"store_locator_bounce\":1,\"store_locator_query_string\":\"PLZ \\\/ Adresse:\",\"store_locator_default_address\":\"\",\"wpgmza_store_locator_restrict\":\"\",\"store_locator_style\":\"modern\",\"wpgmza_store_locator_radius_style\":\"modern\",\"map_max_zoom\":\"1\",\"transport_layer\":0,\"wpgmza_show_points_of_interest\":0}}' data-map-id='1' Data-maps-engine='open-layers' data-shortcode-attributes='{\"id\":\"1\"}' style=\"display:block; overflow:auto; width:100%; height:500px; float:left;\"><\/div>\n\n\n\n<p><\/p>\n","protected":false},"excerpt":{"rendered":"<div class=\"mh-excerpt\"><p>Das Haus befindet sich in einer Seitenstra\u00dfe in einer ruhigen Wohnlage und ist ca. 7min vom Strand entfernt. In unmittelbarer N\u00e4he befindet sich eine Bushaltestelle <a class=\"mh-excerpt-more\" href=\"https:\/\/www.ostsee-krause.de\/index.php\/ueber-mich\/lage-anfahrt\/\" title=\"Lage \/ Anfahrt\">[&#8230;]<\/a><\/p>\n<\/div>","protected":false},"author":1,"featured_media":0,"parent":18,"menu_order":0,"comment_status":"closed","ping_status":"closed","template":"template-full.php","meta":{"footnotes":""},"class_list":["post-127","page","type-page","status-publish","hentry"],"_links":{"self":[{"href":"https:\/\/www.ostsee-krause.de\/index.php\/wp-json\/wp\/v2\/pages\/127","targetHints":{"allow":["GET"]}}],"collection":[{"href":"https:\/\/www.ostsee-krause.de\/index.php\/wp-json\/wp\/v2\/pages"}],"about":[{"href":"https:\/\/www.ostsee-krause.de\/index.php\/wp-json\/wp\/v2\/types\/page"}],"author":[{"embeddable":true,"href":"https:\/\/www.ostsee-krause.de\/index.php\/wp-json\/wp\/v2\/users\/1"}],"replies":[{"embeddable":true,"href":"https:\/\/www.ostsee-krause.de\/index.php\/wp-json\/wp\/v2\/comments?post=127"}],"version-history":[{"count":2,"href":"https:\/\/www.ostsee-krause.de\/index.php\/wp-json\/wp\/v2\/pages\/127\/revisions"}],"predecessor-version":[{"id":134,"href":"https:\/\/www.ostsee-krause.de\/index.php\/wp-json\/wp\/v2\/pages\/127\/revisions\/134"}],"up":[{"embeddable":true,"href":"https:\/\/www.ostsee-krause.de\/index.php\/wp-json\/wp\/v2\/pages\/18"}],"wp:attachment":[{"href":"https:\/\/www.ostsee-krause.de\/index.php\/wp-json\/wp\/v2\/media?parent=127"}],"curies":[{"name":"wp","href":"https:\/\/api.w.org\/{rel}","templated":true}]}}