{"id":114,"date":"2019-01-12T15:10:31","date_gmt":"2019-01-12T15:10:31","guid":{"rendered":"http:\/\/ostsee-krause.de\/wordpress\/?page_id=114"},"modified":"2026-01-07T10:58:51","modified_gmt":"2026-01-07T10:58:51","slug":"preise","status":"publish","type":"page","link":"https:\/\/www.ostsee-krause.de\/index.php\/preise\/","title":{"rendered":"Preise"},"content":{"rendered":"\n<p>\nDie angegebenen Preise gelten jeweils f\u00fcr die Standardbelegung pro Tag. \nStrom, Wasser und Heizung sind darin enthalten. Bettw\u00e4sche kann Ihnen \nzur Verf\u00fcgung gestellt werden. Handt\u00fccher bringen Sie bitte selber mit\n\n<\/p>\n\n\n\n<div class=\"wp-block-columns has-4-columns is-layout-flex wp-container-core-columns-is-layout-9d6595d7 wp-block-columns-is-layout-flex\">\n<div class=\"wp-block-column is-layout-flow wp-block-column-is-layout-flow\">\n<p class=\"has-small-font-size\">Nebensaison<\/p>\n<\/div>\n\n\n\n<div class=\"wp-block-column is-layout-flow wp-block-column-is-layout-flow\">\n<p class=\"has-small-font-size\">03.01.2026 &#8211; 22.06.2026<\/p>\n<\/div>\n\n\n\n<div class=\"wp-block-column is-layout-flow wp-block-column-is-layout-flow\">\n<p class=\"has-small-font-size\">1. Nacht 215,00 \u20ac \/ inkl. Endreinigung<\/p>\n<\/div>\n\n\n\n<div class=\"wp-block-column is-layout-flow wp-block-column-is-layout-flow\">\n<p class=\"has-small-font-size\">Folgenacht 125,00 \u20ac<\/p>\n<\/div>\n<\/div>\n\n\n\n<div class=\"wp-block-columns has-4-columns is-layout-flex wp-container-core-columns-is-layout-9d6595d7 wp-block-columns-is-layout-flex\">\n<div class=\"wp-block-column is-layout-flow wp-block-column-is-layout-flow\">\n<p class=\"has-small-font-size\">Hauptsaison<\/p>\n<\/div>\n\n\n\n<div class=\"wp-block-column is-layout-flow wp-block-column-is-layout-flow\">\n<p class=\"has-small-font-size\">22.06.2026 &#8211; 07.09.2026<\/p>\n<\/div>\n\n\n\n<div class=\"wp-block-column is-layout-flow wp-block-column-is-layout-flow\">\n<p class=\"has-small-font-size\">1. Nacht 235,00 \u20ac \/ inkl. Endreinigung <\/p>\n<\/div>\n\n\n\n<div class=\"wp-block-column is-layout-flow wp-block-column-is-layout-flow\">\n<p class=\"has-small-font-size\">Folgenacht 145,00 \u20ac    <\/p>\n<\/div>\n<\/div>\n\n\n\n<div class=\"wp-block-columns has-4-columns is-layout-flex wp-container-core-columns-is-layout-9d6595d7 wp-block-columns-is-layout-flex\">\n<div class=\"wp-block-column is-layout-flow wp-block-column-is-layout-flow\">\n<p class=\"has-small-font-size\">Nebensaison<\/p>\n<\/div>\n\n\n\n<div class=\"wp-block-column is-layout-flow wp-block-column-is-layout-flow\">\n<p class=\"has-small-font-size\">07.09.2026 &#8211; 17.12.2026<\/p>\n<\/div>\n\n\n\n<div class=\"wp-block-column is-layout-flow wp-block-column-is-layout-flow\">\n<p class=\"has-small-font-size\">1. Nacht 215,00 \u20ac \/ inkl. Endreinigung <\/p>\n<\/div>\n\n\n\n<div class=\"wp-block-column is-layout-flow wp-block-column-is-layout-flow\">\n<p class=\"has-small-font-size\"> Folgenacht 125,00 \u20ac <\/p>\n<\/div>\n<\/div>\n\n\n\n<p>Alle Preise zzgl. Endreinigung und Kurtaxe.<\/p>\n\n\n\n<blockquote class=\"wp-block-quote is-layout-flow wp-block-quote-is-layout-flow\">\n<p>Endreinigung <br> 90,- \u20ac<\/p>\n<\/blockquote>\n\n\n\n<blockquote class=\"wp-block-quote is-layout-flow wp-block-quote-is-layout-flow\">\n<p> Bettw\u00e4sche pro Person und Aufenthalt         <br> 30,- \u20ac <\/p>\n<\/blockquote>\n\n\n\n<p><strong>Kurabgabe der Gemeinde Gr\u00f6mitz<\/strong><br>W\u00e4hrend  des Aufenthaltes in Gr\u00f6mitz wird eine Kurabgabe f\u00e4llig. Diese entrichten Sie vorab mit der f\u00e4lligen Zahlung an uns. Kinder (bis 18 Jahre) sind von der  Abgabe befreit; Sch\u00fcler\/Studenten \u00fcber 18 zahlen den halben Satz. <\/p>\n\n\n\n<p>\nTagessatz (Erwachsene)<br> in der Saison: 3,00 \u20ac<br> au\u00dferhalb der Saison: 1,70 \u20ac\n\n<\/p>\n","protected":false},"excerpt":{"rendered":"<div class=\"mh-excerpt\"><p>Die angegebenen Preise gelten jeweils f\u00fcr die Standardbelegung pro Tag. Strom, Wasser und Heizung sind darin enthalten. Bettw\u00e4sche kann Ihnen zur Verf\u00fcgung gestellt werden. Handt\u00fccher <a class=\"mh-excerpt-more\" href=\"https:\/\/www.ostsee-krause.de\/index.php\/preise\/\" title=\"Preise\">[&#8230;]<\/a><\/p>\n<\/div>","protected":false},"author":1,"featured_media":0,"parent":0,"menu_order":1,"comment_status":"closed","ping_status":"closed","template":"template-full.php","meta":{"footnotes":""},"class_list":["post-114","page","type-page","status-publish","hentry"],"_links":{"self":[{"href":"https:\/\/www.ostsee-krause.de\/index.php\/wp-json\/wp\/v2\/pages\/114","targetHints":{"allow":["GET"]}}],"collection":[{"href":"https:\/\/www.ostsee-krause.de\/index.php\/wp-json\/wp\/v2\/pages"}],"about":[{"href":"https:\/\/www.ostsee-krause.de\/index.php\/wp-json\/wp\/v2\/types\/page"}],"author":[{"embeddable":true,"href":"https:\/\/www.ostsee-krause.de\/index.php\/wp-json\/wp\/v2\/users\/1"}],"replies":[{"embeddable":true,"href":"https:\/\/www.ostsee-krause.de\/index.php\/wp-json\/wp\/v2\/comments?post=114"}],"version-history":[{"count":22,"href":"https:\/\/www.ostsee-krause.de\/index.php\/wp-json\/wp\/v2\/pages\/114\/revisions"}],"predecessor-version":[{"id":233,"href":"https:\/\/www.ostsee-krause.de\/index.php\/wp-json\/wp\/v2\/pages\/114\/revisions\/233"}],"wp:attachment":[{"href":"https:\/\/www.ostsee-krause.de\/index.php\/wp-json\/wp\/v2\/media?parent=114"}],"curies":[{"name":"wp","href":"https:\/\/api.w.org\/{rel}","templated":true}]}}